{"id":69,"date":"2020-06-05T12:50:54","date_gmt":"2020-06-05T10:50:54","guid":{"rendered":"http:\/\/ad-cor.fr\/?page_id=69"},"modified":"2020-06-05T13:21:15","modified_gmt":"2020-06-05T11:21:15","slug":"accueil","status":"publish","type":"page","link":"https:\/\/ad-cor.fr\/","title":{"rendered":"Chers amis"},"content":{"rendered":"\n<p class=\"has-drop-cap\">ad-COR est une association loi 1901 en cours de cr\u00e9ation qui organise des \u00e9v\u00e8nements sur une journ\u00e9e, un WE  ou une semaine pour ressourcer et accompagner les adultes chr\u00e9tiens, seuls ou en famille, \u00e0 assumer leur f\u00e9condit\u00e9 spirituelle et leurs responsabilit\u00e9s dans leurs t\u00e2ches \u00e9ducatives. <\/p>\n\n\n\n<p>Afin de garantir une qualit\u00e9, les intervenants sont choisis avec soin pour apporter des enseignements ou des t\u00e9moignages pratiques et pragmatiques qui serviront aux participants \u00e0 b\u00e2tir ou reb\u00e2tir de bons et viables fondements pour une vie ancr\u00e9e en Dieu.<\/p>\n\n\n\n<p>Vaste programme !<\/p>\n\n\n\n<div class=\"wp-block-image is-style-rounded\"><figure class=\"alignright size-large\"><img loading=\"lazy\" decoding=\"async\" width=\"320\" height=\"242\" src=\"http:\/\/ad-cor.fr\/wp-content\/uploads\/2020\/06\/IMG_0256.jpg\" alt=\"\n\" class=\"wp-image-18\" srcset=\"https:\/\/ad-cor.fr\/wp-content\/uploads\/2020\/06\/IMG_0256.jpg 320w, https:\/\/ad-cor.fr\/wp-content\/uploads\/2020\/06\/IMG_0256-300x227.jpg 300w\" sizes=\"auto, (max-width: 320px) 100vw, 320px\" \/><figcaption>Philippe LECONTE pr\u00e9sident de l&rsquo;Association<\/figcaption><\/figure><\/div>\n","protected":false},"excerpt":{"rendered":"<p>ad-COR est une association loi 1901 en cours de cr\u00e9ation qui organise des \u00e9v\u00e8nements sur une journ\u00e9e, un WE ou une semaine pour ressourcer et accompagner les adultes chr\u00e9tiens, seuls ou en famille, \u00e0 assumer leur f\u00e9condit\u00e9 spirituelle et leurs responsabilit\u00e9s dans leurs t\u00e2ches \u00e9ducatives. Afin de garantir une qualit\u00e9, les intervenants sont choisis avec [&hellip;]<\/p>\n","protected":false},"author":1,"featured_media":0,"parent":0,"menu_order":0,"comment_status":"closed","ping_status":"closed","template":"","meta":{"footnotes":""},"class_list":["post-69","page","type-page","status-publish","hentry"],"_links":{"self":[{"href":"https:\/\/ad-cor.fr\/index.php?rest_route=\/wp\/v2\/pages\/69","targetHints":{"allow":["GET"]}}],"collection":[{"href":"https:\/\/ad-cor.fr\/index.php?rest_route=\/wp\/v2\/pages"}],"about":[{"href":"https:\/\/ad-cor.fr\/index.php?rest_route=\/wp\/v2\/types\/page"}],"author":[{"embeddable":true,"href":"https:\/\/ad-cor.fr\/index.php?rest_route=\/wp\/v2\/users\/1"}],"replies":[{"embeddable":true,"href":"https:\/\/ad-cor.fr\/index.php?rest_route=%2Fwp%2Fv2%2Fcomments&post=69"}],"version-history":[{"count":9,"href":"https:\/\/ad-cor.fr\/index.php?rest_route=\/wp\/v2\/pages\/69\/revisions"}],"predecessor-version":[{"id":80,"href":"https:\/\/ad-cor.fr\/index.php?rest_route=\/wp\/v2\/pages\/69\/revisions\/80"}],"wp:attachment":[{"href":"https:\/\/ad-cor.fr\/index.php?rest_route=%2Fwp%2Fv2%2Fmedia&parent=69"}],"curies":[{"name":"wp","href":"https:\/\/api.w.org\/{rel}","templated":true}]}}