{"id":58,"date":"2020-06-05T12:16:40","date_gmt":"2020-06-05T10:16:40","guid":{"rendered":"http:\/\/ad-cor.fr\/?page_id=58"},"modified":"2020-06-05T12:16:40","modified_gmt":"2020-06-05T10:16:40","slug":"les-week-end","status":"publish","type":"page","link":"https:\/\/ad-cor.fr\/?page_id=58","title":{"rendered":"Les Week-End"},"content":{"rendered":"\n<p>du vendredi en fin d&rsquo;apr\u00e8s midi au dimanche en fin d&rsquo;apr\u00e8s-midi, vous pourrez profiter de votre Week-end pour nourrir votre soif de grandir dans le coeur de Dieu. Ces WE sont autant d&rsquo;occasion pour vous d&rsquo;apprendre ou de r\u00e9apprendre \u00e0 vivre en chr\u00e9tien au 21\u00b0 si\u00e8cle, selon la tradition de l&rsquo;Eglise et l&rsquo;exp\u00e9rience des intervenants.<\/p>\n","protected":false},"excerpt":{"rendered":"<p>du vendredi en fin d&rsquo;apr\u00e8s midi au dimanche en fin d&rsquo;apr\u00e8s-midi, vous pourrez profiter de votre Week-end pour nourrir votre soif de grandir dans le coeur de Dieu. Ces WE sont autant d&rsquo;occasion pour vous d&rsquo;apprendre ou de r\u00e9apprendre \u00e0 vivre en chr\u00e9tien au 21\u00b0 si\u00e8cle, selon la tradition de l&rsquo;Eglise et l&rsquo;exp\u00e9rience des intervenants.<\/p>\n","protected":false},"author":1,"featured_media":0,"parent":0,"menu_order":0,"comment_status":"closed","ping_status":"closed","template":"","meta":{"footnotes":""},"class_list":["post-58","page","type-page","status-publish","hentry"],"_links":{"self":[{"href":"https:\/\/ad-cor.fr\/index.php?rest_route=\/wp\/v2\/pages\/58","targetHints":{"allow":["GET"]}}],"collection":[{"href":"https:\/\/ad-cor.fr\/index.php?rest_route=\/wp\/v2\/pages"}],"about":[{"href":"https:\/\/ad-cor.fr\/index.php?rest_route=\/wp\/v2\/types\/page"}],"author":[{"embeddable":true,"href":"https:\/\/ad-cor.fr\/index.php?rest_route=\/wp\/v2\/users\/1"}],"replies":[{"embeddable":true,"href":"https:\/\/ad-cor.fr\/index.php?rest_route=%2Fwp%2Fv2%2Fcomments&post=58"}],"version-history":[{"count":1,"href":"https:\/\/ad-cor.fr\/index.php?rest_route=\/wp\/v2\/pages\/58\/revisions"}],"predecessor-version":[{"id":59,"href":"https:\/\/ad-cor.fr\/index.php?rest_route=\/wp\/v2\/pages\/58\/revisions\/59"}],"wp:attachment":[{"href":"https:\/\/ad-cor.fr\/index.php?rest_route=%2Fwp%2Fv2%2Fmedia&parent=58"}],"curies":[{"name":"wp","href":"https:\/\/api.w.org\/{rel}","templated":true}]}}