{"id":51,"date":"2020-06-05T12:08:25","date_gmt":"2020-06-05T10:08:25","guid":{"rendered":"http:\/\/ad-cor.fr\/?page_id=51"},"modified":"2020-06-05T12:08:26","modified_gmt":"2020-06-05T10:08:26","slug":"retraite-famille","status":"publish","type":"page","link":"https:\/\/ad-cor.fr\/?page_id=51","title":{"rendered":"Retraite famille"},"content":{"rendered":"\n<p>Ce sont des retraites de 5 \u00e0 7 jours propos\u00e9es \u00e0 toute la famille. <\/p>\n\n\n\n<p>L&rsquo;objectif est de vivre en famille selon les inspirations du bon esprit. Le nombre de participant est de 30 personnes maximum. <\/p>\n\n\n\n<p>Comme un camp familiale, le rythme des journ\u00e9es se d\u00e9roule calmement en alternant des temps de jeux, des temps de pri\u00e8re, des temps d&rsquo;int\u00e9riorit\u00e9, et surtout \u00e9norm\u00e9ment d&rsquo;occasion de red\u00e9couvrir sa famille avec un nouveau regard bienveillant.<\/p>\n","protected":false},"excerpt":{"rendered":"<p>Ce sont des retraites de 5 \u00e0 7 jours propos\u00e9es \u00e0 toute la famille. L&rsquo;objectif est de vivre en famille selon les inspirations du bon esprit. Le nombre de participant est de 30 personnes maximum. Comme un camp familiale, le rythme des journ\u00e9es se d\u00e9roule calmement en alternant des temps de jeux, des temps de [&hellip;]<\/p>\n","protected":false},"author":1,"featured_media":0,"parent":0,"menu_order":0,"comment_status":"closed","ping_status":"closed","template":"","meta":{"footnotes":""},"class_list":["post-51","page","type-page","status-publish","hentry"],"_links":{"self":[{"href":"https:\/\/ad-cor.fr\/index.php?rest_route=\/wp\/v2\/pages\/51","targetHints":{"allow":["GET"]}}],"collection":[{"href":"https:\/\/ad-cor.fr\/index.php?rest_route=\/wp\/v2\/pages"}],"about":[{"href":"https:\/\/ad-cor.fr\/index.php?rest_route=\/wp\/v2\/types\/page"}],"author":[{"embeddable":true,"href":"https:\/\/ad-cor.fr\/index.php?rest_route=\/wp\/v2\/users\/1"}],"replies":[{"embeddable":true,"href":"https:\/\/ad-cor.fr\/index.php?rest_route=%2Fwp%2Fv2%2Fcomments&post=51"}],"version-history":[{"count":1,"href":"https:\/\/ad-cor.fr\/index.php?rest_route=\/wp\/v2\/pages\/51\/revisions"}],"predecessor-version":[{"id":52,"href":"https:\/\/ad-cor.fr\/index.php?rest_route=\/wp\/v2\/pages\/51\/revisions\/52"}],"wp:attachment":[{"href":"https:\/\/ad-cor.fr\/index.php?rest_route=%2Fwp%2Fv2%2Fmedia&parent=51"}],"curies":[{"name":"wp","href":"https:\/\/api.w.org\/{rel}","templated":true}]}}