{"id":39,"date":"2020-06-05T11:37:13","date_gmt":"2020-06-05T09:37:13","guid":{"rendered":"http:\/\/ad-cor.fr\/?page_id=39"},"modified":"2020-06-05T13:24:31","modified_gmt":"2020-06-05T11:24:31","slug":"les-we-refuge","status":"publish","type":"page","link":"https:\/\/ad-cor.fr\/?page_id=39","title":{"rendered":"Les WE Refuge"},"content":{"rendered":"\n<p>Parce que la famille, votre famille, est sans cesse attaqu\u00e9e dans ses principes par le monde qui l&rsquo;entoure, et que vous voulez retrouver la ma\u00eetrise de votre vie avec tous ceux que vous aimez, ad-COR vous propose des WE Refuge durant lesquels vous pourrez r\u00e9apprendre \u00e0 vous aimer et retrouver le cap. <\/p>\n\n\n\n<p>Durant les WE refuge, vous aurez un accompagnement personnalis\u00e9 par famille  et en individuel pour chaque membre de votre famille. <\/p>\n\n\n\n<p><\/p>\n","protected":false},"excerpt":{"rendered":"<p>Parce que la famille, votre famille, est sans cesse attaqu\u00e9e dans ses principes par le monde qui l&rsquo;entoure, et que vous voulez retrouver la ma\u00eetrise de votre vie avec tous ceux que vous aimez, ad-COR vous propose des WE Refuge durant lesquels vous pourrez r\u00e9apprendre \u00e0 vous aimer et retrouver le cap. Durant les WE [&hellip;]<\/p>\n","protected":false},"author":1,"featured_media":0,"parent":0,"menu_order":0,"comment_status":"closed","ping_status":"closed","template":"","meta":{"footnotes":""},"class_list":["post-39","page","type-page","status-publish","hentry"],"_links":{"self":[{"href":"https:\/\/ad-cor.fr\/index.php?rest_route=\/wp\/v2\/pages\/39","targetHints":{"allow":["GET"]}}],"collection":[{"href":"https:\/\/ad-cor.fr\/index.php?rest_route=\/wp\/v2\/pages"}],"about":[{"href":"https:\/\/ad-cor.fr\/index.php?rest_route=\/wp\/v2\/types\/page"}],"author":[{"embeddable":true,"href":"https:\/\/ad-cor.fr\/index.php?rest_route=\/wp\/v2\/users\/1"}],"replies":[{"embeddable":true,"href":"https:\/\/ad-cor.fr\/index.php?rest_route=%2Fwp%2Fv2%2Fcomments&post=39"}],"version-history":[{"count":2,"href":"https:\/\/ad-cor.fr\/index.php?rest_route=\/wp\/v2\/pages\/39\/revisions"}],"predecessor-version":[{"id":81,"href":"https:\/\/ad-cor.fr\/index.php?rest_route=\/wp\/v2\/pages\/39\/revisions\/81"}],"wp:attachment":[{"href":"https:\/\/ad-cor.fr\/index.php?rest_route=%2Fwp%2Fv2%2Fmedia&parent=39"}],"curies":[{"name":"wp","href":"https:\/\/api.w.org\/{rel}","templated":true}]}}